{"id":1545,"date":"2022-12-06T11:52:18","date_gmt":"2022-12-06T11:52:18","guid":{"rendered":"https:\/\/realizeparis.com\/?page_id=1545"},"modified":"2023-05-06T07:28:06","modified_gmt":"2023-05-06T07:28:06","slug":"avis","status":"publish","type":"page","link":"https:\/\/realizeparis.com\/fr\/avis\/","title":{"rendered":"Avis"},"content":{"rendered":"<style>.kb-row-layout-wrap.wp-block-kadence-rowlayout.kb-row-layout-id_9a0215-da{margin-top:0px;margin-bottom:0px;}.kb-row-layout-id_9a0215-da > .kt-row-column-wrap{align-content:center;}:where(.kb-row-layout-id_9a0215-da > .kt-row-column-wrap) > .wp-block-kadence-column{justify-content:center;}.kb-row-layout-id_9a0215-da > .kt-row-column-wrap{column-gap:80px;row-gap:var(--global-kb-gap-md, 2rem);max-width:var( --global-content-width, 1290px );padding-left:var(--global-content-edge-padding);padding-right:var(--global-content-edge-padding);padding-top:30px;padding-right:0px;padding-bottom:30px;padding-left:0px;grid-template-columns:minmax(0, 1fr);}.kb-row-layout-id_9a0215-da > .kt-row-layout-overlay{opacity:0.14;}@media all and (max-width: 1024px){.kb-row-layout-id_9a0215-da > .kt-row-column-wrap{grid-template-columns:minmax(0, 1fr);}}@media all and (max-width: 767px){.kb-row-layout-id_9a0215-da > .kt-row-column-wrap{grid-template-columns:minmax(0, 1fr);}}<\/style><div class=\"kb-row-layout-wrap kb-row-layout-id_9a0215-da alignwide has-theme-palette7-background-color kt-row-has-bg wp-block-kadence-rowlayout\"><div class=\"kt-row-column-wrap kt-has-1-columns kt-row-layout-equal kt-tab-layout-inherit kt-mobile-layout-row kt-row-valign-middle kb-theme-content-width\">\n<style>.kadence-column_cdd2a0-ce > .kt-inside-inner-col,.kadence-column_cdd2a0-ce > .kt-inside-inner-col:before{border-top-left-radius:0px;border-top-right-radius:0px;border-bottom-right-radius:0px;border-bottom-left-radius:0px;}.kadence-column_cdd2a0-ce > .kt-inside-inner-col:before{opacity:0.3;}.kadence-column_cdd2a0-ce{position:relative;}<\/style>\n<div class=\"wp-block-kadence-column kadence-column_cdd2a0-ce inner-column-1\"><div class=\"kt-inside-inner-col\">\n<h1 class=\"wp-block-heading has-text-align-center has-larger-font-size\" style=\"text-transform:none\">Ce que mes clients disent de leurs <br>exp\u00e9riences au sein de mon agence. <\/h1>\n<\/div><\/div>\n\n<\/div><\/div>\n\n<style>.kb-row-layout-wrap.wp-block-kadence-rowlayout.kb-row-layout-id_6289e4-04{margin-top:0px;margin-bottom:0px;}.kb-row-layout-id_6289e4-04 > .kt-row-column-wrap{align-content:start;}:where(.kb-row-layout-id_6289e4-04 > .kt-row-column-wrap) > .wp-block-kadence-column{justify-content:start;}.kb-row-layout-id_6289e4-04 > .kt-row-column-wrap{column-gap:var(--global-kb-gap-md, 2rem);row-gap:var(--global-kb-gap-md, 2rem);max-width:600px;margin-left:auto;margin-right:auto;padding-top:63px;padding-right:10px;padding-bottom:0px;padding-left:10px;grid-template-columns:minmax(0, 1fr);}.kb-row-layout-id_6289e4-04 > .kt-row-layout-overlay{opacity:0.30;}.kb-row-layout-id_6289e4-04 .kt-row-layout-bottom-sep{height:100px;}.kb-row-layout-id_6289e4-04 .kt-row-layout-bottom-sep svg{width:100%;}.kb-row-layout-id_6289e4-04 .kt-row-layout-bottom-sep svg{fill:#ffffff!important;}.kb-row-layout-id_6289e4-04 .kt-row-layout-top-sep{height:1px;}.kb-row-layout-id_6289e4-04 .kt-row-layout-top-sep svg{width:400%;}.kb-row-layout-id_6289e4-04 .kt-row-layout-top-sep svg{fill:var(--global-palette7, #EDF2F7)!important;}@media all and (max-width: 1024px){.kb-row-layout-id_6289e4-04 > .kt-row-column-wrap{grid-template-columns:minmax(0, 1fr);}}@media all and (max-width: 1024px){.kb-row-layout-id_6289e4-04 .kt-row-layout-bottom-sep{height:px;}}@media all and (max-width: 1024px){.kb-row-layout-id_6289e4-04 .kt-row-layout-bottom-sep svg{width:%;}}@media all and (max-width: 767px){.kb-row-layout-id_6289e4-04 > .kt-row-column-wrap{grid-template-columns:minmax(0, 1fr);}.kb-row-layout-id_6289e4-04 .kt-row-layout-bottom-sep{height:px;}.kb-row-layout-id_6289e4-04 .kt-row-layout-bottom-sep svg{width:%;}}<\/style><div class=\"kb-row-layout-wrap kb-row-layout-id_6289e4-04 alignnone wp-block-kadence-rowlayout\"><div class=\"kt-row-layout-top-sep kt-row-sep-type-sltr\"><svg viewBox=\"0 0 1000 100\" preserveAspectRatio=\"none\"><path d=\"M0,0l1000,100l-1000,0l0,-100Z\" \/><\/svg><\/div><div class=\"kt-row-column-wrap kt-has-1-columns kt-row-layout-equal kt-tab-layout-inherit kt-mobile-layout-row kt-row-valign-top\">\n<style>.kadence-column_e2581c-5b > .kt-inside-inner-col,.kadence-column_e2581c-5b > .kt-inside-inner-col:before{border-top-left-radius:0px;border-top-right-radius:0px;border-bottom-right-radius:0px;border-bottom-left-radius:0px;}.kadence-column_e2581c-5b > .kt-inside-inner-col:before{opacity:0.3;}.kadence-column_e2581c-5b{position:relative;}<\/style>\n<div class=\"wp-block-kadence-column kadence-column_e2581c-5b inner-column-1\"><div class=\"kt-inside-inner-col\"><style>.wp-block-kadence-advancedheading.kt-adv-heading_1cd75b-84, .wp-block-kadence-advancedheading.kt-adv-heading_1cd75b-84[data-kb-block=\"kb-adv-heading_1cd75b-84\"]{text-align:center;font-size:51px;font-style:normal;}.wp-block-kadence-advancedheading.kt-adv-heading_1cd75b-84 mark, .wp-block-kadence-advancedheading.kt-adv-heading_1cd75b-84[data-kb-block=\"kb-adv-heading_1cd75b-84\"] mark{font-style:normal;color:#f76a0c;padding-top:0px;padding-right:0px;padding-bottom:0px;padding-left:0px;}<\/style>\n<h2 class=\"kt-adv-heading_1cd75b-84 wp-block-kadence-advancedheading\" data-kb-block=\"kb-adv-heading_1cd75b-84\">Avis<\/h2>\n\n\n\n<p><\/p>\n\n\n<style>.wp-block-kadence-advancedheading.kt-adv-heading_1d621a-68, .wp-block-kadence-advancedheading.kt-adv-heading_1d621a-68[data-kb-block=\"kb-adv-heading_1d621a-68\"]{text-align:center;font-style:normal;}.wp-block-kadence-advancedheading.kt-adv-heading_1d621a-68 mark, .wp-block-kadence-advancedheading.kt-adv-heading_1d621a-68[data-kb-block=\"kb-adv-heading_1d621a-68\"] mark{font-style:normal;color:#f76a0c;padding-top:0px;padding-right:0px;padding-bottom:0px;padding-left:0px;}<\/style>\n<p class=\"kt-adv-heading_1d621a-68 wp-block-kadence-advancedheading\" data-kb-block=\"kb-adv-heading_1d621a-68\"><\/p>\n<\/div><\/div>\n\n<\/div><\/div>\n\n<style>.kb-row-layout-id_ebac6e-62 > .kt-row-column-wrap{align-content:start;}:where(.kb-row-layout-id_ebac6e-62 > .kt-row-column-wrap) > .wp-block-kadence-column{justify-content:start;}.kb-row-layout-id_ebac6e-62 > .kt-row-column-wrap{column-gap:40px;row-gap:var(--global-kb-gap-md, 2rem);max-width:var( --global-content-width, 1290px );padding-left:var(--global-content-edge-padding);padding-right:var(--global-content-edge-padding);padding-top:80px;padding-right:150px;padding-bottom:80px;padding-left:150px;grid-template-columns:minmax(0, 1fr);}.kb-row-layout-id_ebac6e-62 > .kt-row-layout-overlay{opacity:0.61;background-image:url('https:\/\/realizeparis.com\/wp-content\/uploads\/2023\/01\/Capture-decran-2023-01-06-a-00.58.40-e1673355494341.png');background-size:cover;background-position:center center;background-attachment:scroll;background-repeat:no-repeat;}@media all and (max-width: 1024px){.kb-row-layout-id_ebac6e-62 > .kt-row-column-wrap{padding-right:50px;padding-left:50px;grid-template-columns:minmax(0, 1fr);}}@media all and (max-width: 767px){.kb-row-layout-id_ebac6e-62 > .kt-row-column-wrap{padding-right:15px;padding-left:15px;grid-template-columns:minmax(0, 1fr);}}<\/style><div class=\"kb-row-layout-wrap kb-row-layout-id_ebac6e-62 alignnone kt-row-has-bg wp-block-kadence-rowlayout\"><div class=\"kt-row-layout-overlay kt-row-overlay-normal\"><\/div><div class=\"kt-row-column-wrap kt-has-1-columns kt-row-layout-equal kt-tab-layout-inherit kt-mobile-layout-row kt-row-valign-top kb-theme-content-width\">\n<style>.kadence-column_2f6594-87 > .kt-inside-inner-col,.kadence-column_2f6594-87 > .kt-inside-inner-col:before{border-top-left-radius:0px;border-top-right-radius:0px;border-bottom-right-radius:0px;border-bottom-left-radius:0px;}.kadence-column_2f6594-87 > .kt-inside-inner-col:before{opacity:0.3;}.kadence-column_2f6594-87{position:relative;}<\/style>\n<div class=\"wp-block-kadence-column kadence-column_2f6594-87 inner-column-1\"><div class=\"kt-inside-inner-col\">\n<h2 class=\"wp-block-heading has-text-align-center has-theme-palette-9-background-color has-background\" style=\"font-size:20px;text-transform:none\">&#34;Bonjour Chim\u00e8ne,   je souhaite te remercier pour cette r\u00e9v\u00e9lation avec moi-m\u00eame  acquise lors de mon consulting en impact personnelle au sein de votre agence. Merci pour ton grand professionnalisme et ta grande bienveillance . J&rsquo;ai pu voir l&rsquo;impact dans ma vie personnelle et professionnelle gr\u00e2ce \u00e0 tes accompagnements, aux changements op\u00e9r\u00e9s et tous les conseils acquis \u00e9galement sur l&rsquo;alignement de mon image physique et ma communication non verbale. Tu m&rsquo;as r\u00e9v\u00e9l\u00e9 et j&rsquo;ai gagn\u00e9 en confiance et en leadership. Aujourd&rsquo;hui je suis en phase TOTALE avec moi-m\u00eame. MERCI!&#34;<\/h2>\n\n\n\n<h2 class=\"wp-block-heading has-text-align-center\" style=\"font-size:20px;text-transform:none\">Olivier, Paris 75<\/h2>\n\n\n<div class=\"wp-block-image\">\n<figure class=\"aligncenter size-medium is-resized\"><img loading=\"lazy\" decoding=\"async\" src=\"https:\/\/realizeparis.com\/wp-content\/uploads\/2023\/01\/Capture-decran-2023-01-22-a-15.25.33-300x65.png\" alt=\"\" class=\"wp-image-2114\" width=\"150\" height=\"33\" srcset=\"https:\/\/realizeparis.com\/wp-content\/uploads\/2023\/01\/Capture-decran-2023-01-22-a-15.25.33-300x65.png 300w, https:\/\/realizeparis.com\/wp-content\/uploads\/2023\/01\/Capture-decran-2023-01-22-a-15.25.33-768x166.png 768w, https:\/\/realizeparis.com\/wp-content\/uploads\/2023\/01\/Capture-decran-2023-01-22-a-15.25.33.png 970w\" sizes=\"auto, (max-width: 150px) 100vw, 150px\" \/><\/figure>\n<\/div>\n\n\n<hr class=\"wp-block-separator has-alpha-channel-opacity\"\/>\n\n\n\n<h2 class=\"wp-block-heading has-text-align-center has-theme-palette-9-background-color has-background\" style=\"font-size:20px;text-transform:none\">&#34;Ch\u00e8re Chim\u00e8ne,   je te remercie beaucoup pour ce coaching qui m&rsquo;a beaucoup appris sur l&rsquo;image, le style, la mode et sur moi-m\u00eame. Tu as r\u00e9ussi \u00e0 me convaincre du bien-fond\u00e9 de cette d\u00e9marche alors que je partais peu convaincue. Avec ta comp\u00e9tence, ton enthousiasme et ta bienveillance, tu m&rsquo;as permis de d\u00e9couvrir de nouvelles fa\u00e7ons d&rsquo;exprimer ma personnalit\u00e9 \u00e0 travers mon image. Tes clients sont tr\u00e8s chanceux de pouvoir compter sur toi pour leur ouvrir de nouveaux horizons tout en restant fid\u00e8les \u00e0 elles-m\u00eames. Je te souhaite beaucoup de succ\u00e8s et de plaisir sur ton parcours.&#34;<\/h2>\n\n\n\n<h2 class=\"wp-block-heading has-text-align-center\" style=\"font-size:20px;text-transform:none\">    Agn\u00e8s,  Munich-Germany<\/h2>\n\n\n<div class=\"wp-block-image\">\n<figure class=\"aligncenter size-medium is-resized\"><img loading=\"lazy\" decoding=\"async\" src=\"https:\/\/realizeparis.com\/wp-content\/uploads\/2023\/01\/Capture-decran-2023-01-22-a-15.25.33-300x65.png\" alt=\"\" class=\"wp-image-2114\" width=\"150\" height=\"33\" srcset=\"https:\/\/realizeparis.com\/wp-content\/uploads\/2023\/01\/Capture-decran-2023-01-22-a-15.25.33-300x65.png 300w, https:\/\/realizeparis.com\/wp-content\/uploads\/2023\/01\/Capture-decran-2023-01-22-a-15.25.33-768x166.png 768w, https:\/\/realizeparis.com\/wp-content\/uploads\/2023\/01\/Capture-decran-2023-01-22-a-15.25.33.png 970w\" sizes=\"auto, (max-width: 150px) 100vw, 150px\" \/><\/figure>\n<\/div>\n\n\n<p class=\"has-medium-font-size\"><\/p>\n\n\n\n<p><\/p>\n\n\n\n<p><\/p>\n\n\n\n<p><\/p>\n<\/div><\/div>\n\n<\/div><\/div><span class=\"kt-load-after-post\"><\/span>","protected":false},"excerpt":{"rendered":"<p>Ce que mes clients disent de leurs exp\u00e9riences au sein de mon agence. Avis &#34;Bonjour Chim\u00e8ne, je souhaite te remercier pour cette r\u00e9v\u00e9lation avec moi-m\u00eame acquise lors de mon consulting en impact personnelle au sein de votre agence. Merci pour ton grand professionnalisme et ta grande bienveillance . J&rsquo;ai pu voir l&rsquo;impact dans ma vie&#8230;<\/p>\n","protected":false},"author":1,"featured_media":0,"parent":0,"menu_order":0,"comment_status":"closed","ping_status":"closed","template":"","meta":{"_kad_blocks_custom_css":"","_kad_blocks_head_custom_js":"","_kad_blocks_body_custom_js":"","_kad_blocks_footer_custom_js":"","_kad_post_transparent":"","_kad_post_title":"","_kad_post_layout":"fullwidth","_kad_post_sidebar_id":"","_kad_post_content_style":"unboxed","_kad_post_vertical_padding":"","_kad_post_feature":"","_kad_post_feature_position":"","_kad_post_header":false,"_kad_post_footer":false,"footnotes":""},"class_list":["post-1545","page","type-page","status-publish","hentry"],"yoast_head":"<!-- This site is optimized with the Yoast SEO plugin v20.6 - https:\/\/yoast.com\/wordpress\/plugins\/seo\/ -->\n<title>Avis - Image Advisor<\/title>\n<meta name=\"robots\" content=\"index, follow, max-snippet:-1, max-image-preview:large, max-video-preview:-1\" \/>\n<link rel=\"canonical\" href=\"https:\/\/realizeparis.com\/fr\/avis\/\" \/>\n<meta property=\"og:locale\" content=\"fr_FR\" \/>\n<meta property=\"og:type\" content=\"article\" \/>\n<meta property=\"og:title\" content=\"Avis - Image Advisor\" \/>\n<meta property=\"og:description\" content=\"Ce que mes clients disent de leurs exp\u00e9riences au sein de mon agence. Avis &#034;Bonjour Chim\u00e8ne, je souhaite te remercier pour cette r\u00e9v\u00e9lation avec moi-m\u00eame acquise lors de mon consulting en impact personnelle au sein de votre agence. Merci pour ton grand professionnalisme et ta grande bienveillance . J&rsquo;ai pu voir l&rsquo;impact dans ma vie...\" \/>\n<meta property=\"og:url\" content=\"https:\/\/realizeparis.com\/fr\/avis\/\" \/>\n<meta property=\"og:site_name\" content=\"Image Advisor\" \/>\n<meta property=\"article:modified_time\" content=\"2023-05-06T07:28:06+00:00\" \/>\n<meta property=\"og:image\" content=\"https:\/\/realizeparis.com\/wp-content\/uploads\/2023\/01\/Capture-decran-2023-01-22-a-15.25.33-300x65.png\" \/>\n<meta name=\"twitter:card\" content=\"summary_large_image\" \/>\n<meta name=\"twitter:label1\" content=\"Dur\u00e9e de lecture estim\u00e9e\" \/>\n\t<meta name=\"twitter:data1\" content=\"2 minutes\" \/>\n<script type=\"application\/ld+json\" class=\"yoast-schema-graph\">{\"@context\":\"https:\/\/schema.org\",\"@graph\":[{\"@type\":\"WebPage\",\"@id\":\"https:\/\/realizeparis.com\/fr\/avis\/\",\"url\":\"https:\/\/realizeparis.com\/fr\/avis\/\",\"name\":\"Avis - Image Advisor\",\"isPartOf\":{\"@id\":\"https:\/\/realizeparis.com\/fr\/#website\"},\"datePublished\":\"2022-12-06T11:52:18+00:00\",\"dateModified\":\"2023-05-06T07:28:06+00:00\",\"breadcrumb\":{\"@id\":\"https:\/\/realizeparis.com\/fr\/avis\/#breadcrumb\"},\"inLanguage\":\"fr-FR\",\"potentialAction\":[{\"@type\":\"ReadAction\",\"target\":[\"https:\/\/realizeparis.com\/fr\/avis\/\"]}]},{\"@type\":\"BreadcrumbList\",\"@id\":\"https:\/\/realizeparis.com\/fr\/avis\/#breadcrumb\",\"itemListElement\":[{\"@type\":\"ListItem\",\"position\":1,\"name\":\"Startseite\",\"item\":\"https:\/\/realizeparis.com\/fr\/\"},{\"@type\":\"ListItem\",\"position\":2,\"name\":\"Avis\"}]},{\"@type\":\"WebSite\",\"@id\":\"https:\/\/realizeparis.com\/fr\/#website\",\"url\":\"https:\/\/realizeparis.com\/fr\/\",\"name\":\"Image Advisor\",\"description\":\"\",\"publisher\":{\"@id\":\"https:\/\/realizeparis.com\/fr\/#organization\"},\"potentialAction\":[{\"@type\":\"SearchAction\",\"target\":{\"@type\":\"EntryPoint\",\"urlTemplate\":\"https:\/\/realizeparis.com\/fr\/?s={search_term_string}\"},\"query-input\":\"required name=search_term_string\"}],\"inLanguage\":\"fr-FR\"},{\"@type\":\"Organization\",\"@id\":\"https:\/\/realizeparis.com\/fr\/#organization\",\"name\":\"Image Advisor\",\"url\":\"https:\/\/realizeparis.com\/fr\/\",\"logo\":{\"@type\":\"ImageObject\",\"inLanguage\":\"fr-FR\",\"@id\":\"https:\/\/realizeparis.com\/fr\/#\/schema\/logo\/image\/\",\"url\":\"https:\/\/realizeparis.com\/wp-content\/uploads\/2023\/01\/cropped-Realize_Logo_2023_1.png\",\"contentUrl\":\"https:\/\/realizeparis.com\/wp-content\/uploads\/2023\/01\/cropped-Realize_Logo_2023_1.png\",\"width\":1515,\"height\":725,\"caption\":\"Image Advisor\"},\"image\":{\"@id\":\"https:\/\/realizeparis.com\/fr\/#\/schema\/logo\/image\/\"}}]}<\/script>\n<!-- \/ Yoast SEO plugin. -->","yoast_head_json":{"title":"Avis - Image Advisor","robots":{"index":"index","follow":"follow","max-snippet":"max-snippet:-1","max-image-preview":"max-image-preview:large","max-video-preview":"max-video-preview:-1"},"canonical":"https:\/\/realizeparis.com\/fr\/avis\/","og_locale":"fr_FR","og_type":"article","og_title":"Avis - Image Advisor","og_description":"Ce que mes clients disent de leurs exp\u00e9riences au sein de mon agence. Avis &#34;Bonjour Chim\u00e8ne, je souhaite te remercier pour cette r\u00e9v\u00e9lation avec moi-m\u00eame acquise lors de mon consulting en impact personnelle au sein de votre agence. Merci pour ton grand professionnalisme et ta grande bienveillance . J&rsquo;ai pu voir l&rsquo;impact dans ma vie...","og_url":"https:\/\/realizeparis.com\/fr\/avis\/","og_site_name":"Image Advisor","article_modified_time":"2023-05-06T07:28:06+00:00","og_image":[{"url":"https:\/\/realizeparis.com\/wp-content\/uploads\/2023\/01\/Capture-decran-2023-01-22-a-15.25.33-300x65.png"}],"twitter_card":"summary_large_image","twitter_misc":{"Dur\u00e9e de lecture estim\u00e9e":"2 minutes"},"schema":{"@context":"https:\/\/schema.org","@graph":[{"@type":"WebPage","@id":"https:\/\/realizeparis.com\/fr\/avis\/","url":"https:\/\/realizeparis.com\/fr\/avis\/","name":"Avis - Image Advisor","isPartOf":{"@id":"https:\/\/realizeparis.com\/fr\/#website"},"datePublished":"2022-12-06T11:52:18+00:00","dateModified":"2023-05-06T07:28:06+00:00","breadcrumb":{"@id":"https:\/\/realizeparis.com\/fr\/avis\/#breadcrumb"},"inLanguage":"fr-FR","potentialAction":[{"@type":"ReadAction","target":["https:\/\/realizeparis.com\/fr\/avis\/"]}]},{"@type":"BreadcrumbList","@id":"https:\/\/realizeparis.com\/fr\/avis\/#breadcrumb","itemListElement":[{"@type":"ListItem","position":1,"name":"Startseite","item":"https:\/\/realizeparis.com\/fr\/"},{"@type":"ListItem","position":2,"name":"Avis"}]},{"@type":"WebSite","@id":"https:\/\/realizeparis.com\/fr\/#website","url":"https:\/\/realizeparis.com\/fr\/","name":"Image Advisor","description":"","publisher":{"@id":"https:\/\/realizeparis.com\/fr\/#organization"},"potentialAction":[{"@type":"SearchAction","target":{"@type":"EntryPoint","urlTemplate":"https:\/\/realizeparis.com\/fr\/?s={search_term_string}"},"query-input":"required name=search_term_string"}],"inLanguage":"fr-FR"},{"@type":"Organization","@id":"https:\/\/realizeparis.com\/fr\/#organization","name":"Image Advisor","url":"https:\/\/realizeparis.com\/fr\/","logo":{"@type":"ImageObject","inLanguage":"fr-FR","@id":"https:\/\/realizeparis.com\/fr\/#\/schema\/logo\/image\/","url":"https:\/\/realizeparis.com\/wp-content\/uploads\/2023\/01\/cropped-Realize_Logo_2023_1.png","contentUrl":"https:\/\/realizeparis.com\/wp-content\/uploads\/2023\/01\/cropped-Realize_Logo_2023_1.png","width":1515,"height":725,"caption":"Image Advisor"},"image":{"@id":"https:\/\/realizeparis.com\/fr\/#\/schema\/logo\/image\/"}}]}},"featured_image_src_large":false,"author_info":{"display_name":"admin","author_link":"https:\/\/realizeparis.com\/fr\/author\/hello_1ntsaw0a\/"},"comment_info":0,"taxonomy_info":[],"_links":{"self":[{"href":"https:\/\/realizeparis.com\/fr\/wp-json\/wp\/v2\/pages\/1545","targetHints":{"allow":["GET"]}}],"collection":[{"href":"https:\/\/realizeparis.com\/fr\/wp-json\/wp\/v2\/pages"}],"about":[{"href":"https:\/\/realizeparis.com\/fr\/wp-json\/wp\/v2\/types\/page"}],"author":[{"embeddable":true,"href":"https:\/\/realizeparis.com\/fr\/wp-json\/wp\/v2\/users\/1"}],"replies":[{"embeddable":true,"href":"https:\/\/realizeparis.com\/fr\/wp-json\/wp\/v2\/comments?post=1545"}],"version-history":[{"count":20,"href":"https:\/\/realizeparis.com\/fr\/wp-json\/wp\/v2\/pages\/1545\/revisions"}],"predecessor-version":[{"id":4514,"href":"https:\/\/realizeparis.com\/fr\/wp-json\/wp\/v2\/pages\/1545\/revisions\/4514"}],"wp:attachment":[{"href":"https:\/\/realizeparis.com\/fr\/wp-json\/wp\/v2\/media?parent=1545"}],"curies":[{"name":"wp","href":"https:\/\/api.w.org\/{rel}","templated":true}]}}